{"id":68,"date":"2016-06-14T05:24:19","date_gmt":"2016-06-14T05:24:19","guid":{"rendered":"https:\/\/sw-themes.com\/porto_dummy\/?page_id=68"},"modified":"2025-01-29T16:30:08","modified_gmt":"2025-01-29T21:30:08","slug":"vacantes","status":"publish","type":"page","link":"https:\/\/fundaciontejidosocial.org\/index.php\/vacantes\/","title":{"rendered":"Trabaja con nosostros"},"content":{"rendered":"<div class=\"wpb-content-wrapper\"><p>[vc_row wrap_container=&#8221;yes&#8221; css=&#8221;.vc_custom_1543890012935{padding-top: 50px !important;}&#8221;][vc_column offset=&#8221;vc_col-md-8 vc_col-xs-12&#8243;][vc_custom_heading text=&#8221;Encuentra Tu <b>Oportunidad<\/b> en el convenio <b>COA-881-2024 con el Ministerio del Deporte recuerda la convocatoria es habilitada hasta el 31 de enero de 2025<\/b>&#8221; font_container=&#8221;tag:h2|font_size:28px|text_align:left&#8221; use_theme_fonts=&#8221;yes&#8221; css_animation=&#8221;fadeInUp&#8221; el_class=&#8221;mb-3&#8243; css_params=&#8221;&#8221;][vc_column_text css_animation=&#8221;fadeInUp&#8221; css=&#8221;&#8221; el_class=&#8221;lead mb-4&#8243;]En nuestra fundaci\u00f3n, creemos en el poder de las personas para transformar su entorno y su futuro.[\/vc_column_text][vc_column_text css_animation=&#8221;fadeInUp&#8221; css=&#8221;&#8221;]Al compartir tu hoja de vida, estar\u00e1s dando un paso hacia nuevas oportunidades de crecimiento personal y profesional. Queremos conocerte y brindarte el espacio que mereces para aportar tus habilidades y experiencias. Juntos, podemos construir un mundo m\u00e1s justo, donde cada talento encuentre su lugar.<\/p>\n<p>[\/vc_column_text][\/vc_column][vc_column offset=&#8221;vc_col-md-4&#8243;]<div class=\"porto-testimonial wpb_content_element appear-animation   wpb_custom_4760b66c0cbf51ec9a7673f3785bca75\" data-appear-animation=\"fadeIn\" data-appear-animation-delay=\"400\"><div class=\"testimonial\"><blockquote><p>El verdadero cambio comienza cuando personas comprometidas se unen por una causa com\u00fan. \u00a1Tu talento puede ser el impulso que necesitamos!<\/p><\/blockquote><div class=\"testimonial-arrow-down\"><\/div><div class=\"testimonial-author\"><p><strong><\/strong><span><\/span><\/p><\/div><\/div><\/div>[\/vc_column][\/vc_row][vc_row wrap_container=&#8221;yes&#8221; is_section=&#8221;yes&#8221; remove_margin_top=&#8221;yes&#8221; remove_margin_bottom=&#8221;yes&#8221; remove_border=&#8221;yes&#8221; css=&#8221;.vc_custom_1543891117429{padding-top: 70px !important;}&#8221;][vc_column width=&#8221;2\/3&#8243;][vc_custom_heading text=&#8221;Oportunidades <strong>Disponibles<\/strong>&#8221; font_container=&#8221;tag:h4|text_align:left&#8221; use_theme_fonts=&#8221;yes&#8221;][vc_accordion active_tab=&#8221;1&#8243; type=&#8221;panel-modern&#8221; el_class=&#8221;mb-5&#8243;][vc_accordion_tab title=&#8221;Coordinador Territorial&#8221;][vc_column_text css=&#8221;&#8221; css_params=&#8221;&#8221;]El coordinador del programa Jornada Deportiva Escolar Complementaria realiza tareas administrativas, t\u00e9cnicas y de gesti\u00f3n para asegurar la correcta ejecuci\u00f3n del programa. Articula procesos con actores p\u00fablicos y privados, supervisa a Formadores y Profesionales Psicosociales, y mantiene comunicaci\u00f3n efectiva con tutores, representantes educativos y el Ministerio del Deporte. Su funci\u00f3n principal es atender las necesidades de los beneficiarios y garantizar el cumplimiento de los objetivos del programa, utilizando su propio equipo de c\u00f3mputo para estas tareas.<\/p>\n<ul>\n<li><strong>PERFIL: <\/strong>Licenciados en Educaci\u00f3n F\u00edsica, Cultura F\u00edsica, Deportes y Recreaci\u00f3n, Ciencias del Deporte, Licenciados en Educaci\u00f3n B\u00e1sica con \u00c9nfasis en Educaci\u00f3n F\u00edsica, Recreaci\u00f3n y Deportes y Licenciados y\/o Profesionales en recreaci\u00f3n y\/o deporte, Administrador deportivo,<br \/>\ncon t\u00edtulo de posgrado en la modalidad de especializaci\u00f3n o maestr\u00eda en \u00e1reas afines cuyos t\u00edtulos hayan sido otorgados por instituciones de educaci\u00f3n superior avaladas o convalidadas por el Ministerio de Educaci\u00f3n. Se puede hacer equivalencia de doce (12) meses de experiencia relacionadas a las funciones del cargo por posgrado en \u00e1reas afines al perfil solicitado.<\/li>\n<li><strong>UBICACION:\u00a0<\/strong>Antioquia, Caldas, Quindio, Risaralda, Cauca, Nari\u00f1o, Valle del Cauca, Choco<\/li>\n<\/ul>\n<ul class=\"list list-inline mt-4 mb-3 text-sm\">\n<li class=\"list-inline-item ms-md-3\"><strong>Experiencia: <\/strong>(2) a\u00f1os en procesos asociados al entrenamiento deportivo, docencia en educaci\u00f3n f\u00edsica, cultura f\u00edsica, recreaci\u00f3n, deporte y campos asociados, administraci\u00f3n deportiva, administraci\u00f3n del recurso humano, de los que doce (12) meses deben certificarse como coordinador, metod\u00f3logo y\/o gestor de proyectos deportivos.<\/li>\n<\/ul>\n<p><strong>Favor Tener en cuenta que la postulaci\u00f3n al cargo no garantiza la contrataci\u00f3n<\/strong><\/p>\n<p>&nbsp;<\/p>\n<p><a class=\"btn btn-modern btn-dark\" href=\"https:\/\/forms.gle\/cVfJV6LEN7iYUut7A\">APLICAR.<\/a>\u00a0 \u00a0 \u00a0 \u00a0 \u00a0 \u00a0 \u00a0 \u00a0 \u00a0 <a class=\"btn btn-modern btn-dark\" href=\"https:\/\/forms.gle\/hvRUUjZq6bURx7s17\">SUBSANACI\u00d3N.\u00a0 <\/a>[\/vc_column_text][\/vc_accordion_tab][vc_accordion_tab title=&#8221;Formador&#8221;][vc_column_text css=&#8221;&#8221; css_params=&#8221;&#8221;]Los Formadores del Programa Jornada Deportiva Escolar Complementaria son responsables de la planificaci\u00f3n pedag\u00f3gica y ejecuci\u00f3n de sesiones para ni\u00f1os y adolescentes de 3 a 17 a\u00f1os en municipios focalizados. Realizan evaluaciones peri\u00f3dicas del desarrollo f\u00edsico y motriz de los participantes, y miden la satisfacci\u00f3n del servicio. Deben tener habilidades en inform\u00e1tica, buena expresi\u00f3n verbal, capacidad para trabajar con grupos de j\u00f3venes, creatividad y sensibilidad social. Se prefiere experiencia previa en procesos pedag\u00f3gicos, deportivos y sociales. Es importante que residan cerca del \u00e1rea de trabajo, asumiendo su propio desplazamiento. Su rol es fundamental para alcanzar los objetivos del programa y complementar el proceso educativo de los beneficiarios.u<\/p>\n<ul>\n<li><strong>PERFIL: <\/strong>\n<ul>\n<li><strong>Profesional:<\/strong> Educaci\u00f3n F\u00edsica, Cultura F\u00edsica, Deportes y Recreaci\u00f3n, Ciencias del Deporte, Licenciados en Educaci\u00f3n B\u00e1sica con \u00c9nfasis en Educaci\u00f3n F\u00edsica, Recreaci\u00f3n y Deportes y Licenciados y\/o Profesionales en recreaci\u00f3n y\/o deportes; con<br \/>\n<blockquote>\n<p><em>m\u00ednimo 18 meses de <strong>experiencia certificada<\/strong>, en actividades de docencia en educaci\u00f3n f\u00edsica, recreaci\u00f3n, deportes y\/o entrenamiento deportivo.<\/em><\/p>\n<\/blockquote>\n<\/li>\n<li><strong>Tecn\u00f3logo y\/o Estudiantes de \u00faltimo semestre de carrera profesional<\/strong> En entrenamiento deportivo, actividad f\u00edsica; con m\u00ednimo 2 a\u00f1os de experiencia certificada, en actividades de<br \/>\ndocencia en educaci\u00f3n f\u00edsica, recreaci\u00f3n, deportes y\/o entrenamiento deportivo,\u00a0 <em><strong>con m\u00ednimo 2 a\u00f1os de experiencia certificada,<\/strong><\/em> en actividades de docencia en educaci\u00f3n f\u00edsica, recreaci\u00f3n, deportes y\/o entrenamiento deportivo. <em><strong>Con relaci\u00f3n a los estudiantes en formaci\u00f3n <\/strong><\/em>profesional en Educaci\u00f3n F\u00edsica, Cultura F\u00edsica, Deportes y Recreaci\u00f3n, Ciencias del Deporte, Licenciados en Educaci\u00f3n B\u00e1sica con \u00c9nfasis en Educaci\u00f3n F\u00edsica, Recreaci\u00f3n y Deportes y Licenciados y\/o Profesionales en recreaci\u00f3n y\/o deporte, quienes se encuentran<br \/>\ncursando el \u00faltimo a\u00f1o de carrera profesional.<\/li>\n<li><strong>T\u00e9cnicos:<\/strong> En entrenamiento deportivo, actividad f\u00edsica, t\u00e9cnicos profesionales en entrenamiento deportivo, t\u00e9cnicos profesionales en actividad f\u00edsica; con <em><strong>m\u00ednimo 2 a\u00f1os de experiencia certificada<\/strong><\/em>, en actividades de docencia en educaci\u00f3n f\u00edsica, recreaci\u00f3n, deportes y\/o entrenamiento deportivo.<\/li>\n<li><strong>Bachiller Normalista:<\/strong> Bachiller normalista graduado; con <em><strong>m\u00ednimo 2 a\u00f1os de experiencia certificada<\/strong><\/em>, en actividades de docencia de aula y\/o entrenamiento deportivo.<\/li>\n<\/ul>\n<\/li>\n<li><strong>UBICACION:\u00a0<\/strong>Antioquia, Caldas, Quindio, Risaralda, Cauca, Nari\u00f1o, Valle del Cauca, Choco<\/li>\n<\/ul>\n<p><strong>Favor Tener en cuenta que la postulaci\u00f3n al cargo no garantiza la contrataci\u00f3n<\/strong><\/p>\n<p>&nbsp;<\/p>\n<p><a class=\"btn btn-modern btn-dark\" href=\"https:\/\/forms.gle\/cVfJV6LEN7iYUut7A\">APLICAR<\/a>.\u00a0 \u00a0 \u00a0 \u00a0 \u00a0 \u00a0 <a class=\"btn btn-modern btn-dark\" href=\"https:\/\/forms.gle\/hvRUUjZq6bURx7s17\">SUBSANACI\u00d3N.\u00a0 <\/a>[\/vc_column_text][\/vc_accordion_tab][vc_accordion_tab title=&#8221;Profesional Psicosocial&#8221;][vc_column_text css_animation=&#8221;zoomInUp&#8221; css=&#8221;&#8221; css_params=&#8221;&#8221;]Los Referentes Psicosociales del programa Jornada Deportiva Escolar Complementaria tienen tres funciones principales: apoyan la planificaci\u00f3n pedag\u00f3gica de las sesiones aline\u00e1ndolas con los objetivos del programa, gu\u00edan las evaluaciones peri\u00f3dicas del componente psicosocial de los beneficiarios, y planean e implementan talleres psicosociales para formadores deportivos y familias vinculadas. Es importante que residan cerca de los municipios de atenci\u00f3n para facilitar sus desplazamientos seg\u00fan el cronograma de actividades.<\/p>\n<p><em><strong>Perfil:\u00a0<\/strong><\/em>Profesional en Psicolog\u00eda o Trabajo Social, encargados de orientar procesos de acompa\u00f1amiento y formaci\u00f3n con enfoque de derechos, diferencial e inclusiva, que aborde tem\u00e1ticas relacionadas con pol\u00edticas p\u00fablicas, necesidades regionales, procesos psicosociales y comunitarios; articulado con los componentes t\u00e9cnico, pedag\u00f3gico, did\u00e1ctico y metodol\u00f3gico del programa Jornada Deportiva Escolar Complementaria.<\/p>\n<ul class=\"list list-inline mt-4 mb-3 text-sm\">\n<li><strong>UBICACION:\u00a0<\/strong>Antioquia, Caldas, Quindio, Risaralda, Cauca, Nari\u00f1o, Valle del Cauca, Choco<\/li>\n<li class=\"list-inline-item\"><strong>EXPERIENCIA:<\/strong> Profesional con m\u00ednimo dos (2) a\u00f1os de experiencia posteriores a la expedici\u00f3n de la tarjeta profesional expedida por el Colegio Colombiano de Psic\u00f3logos o por el Consejo<br \/>\nNacional de Trabajo Social. Experiencia profesional en procesos de capacitaci\u00f3n dirigidos a ni\u00f1as, ni\u00f1os, adolescentes, j\u00f3venes y familias en espacios p\u00fablicos abiertos o dentro de infraestructuras educativas y deportivas y en la caracterizaci\u00f3n de necesidades regionales. Con habilidades<br \/>\nen resoluci\u00f3n de conflictos, sensibilidad social para desarrollar actividades pedag\u00f3gicas, recreativas, sociales, del medio ambiente y culturales con ni\u00f1os, ni\u00f1as y adolescentes participantes. Con conocimiento en procesos cognitivos, emocionales, sociales y manejo de<br \/>\nherramientas como: paquete office, internet, WinZip, Adobe Reader, entre otros Equivalencia: seis (6) meses de experiencia profesional por t\u00edtulo de posgrado en campos afines al deporte, social o educativo.<\/li>\n<\/ul>\n<p><strong>Favor Tener en cuenta que la postulaci\u00f3n al cargo no garantiza la contrataci\u00f3n<\/strong><\/p>\n<p>&nbsp;<\/p>\n<p><a class=\"btn btn-modern btn-dark\" href=\"https:\/\/forms.gle\/cVfJV6LEN7iYUut7A\">APLICAR.<\/a>\u00a0 \u00a0 \u00a0 \u00a0 \u00a0 \u00a0 \u00a0 \u00a0 \u00a0 <a class=\"btn btn-modern btn-dark\" href=\"https:\/\/forms.gle\/hvRUUjZq6bURx7s17\">SUBSANACI\u00d3N.\u00a0 <\/a><\/p>\n<p>&nbsp;[\/vc_column_text][\/vc_accordion_tab][\/vc_accordion][\/vc_column][vc_column width=&#8221;1\/3&#8243;][\/vc_column][\/vc_row]<\/p>\n<\/div>","protected":false},"excerpt":{"rendered":"<p>[vc_row wrap_container=&#8221;yes&#8221; css=&#8221;.vc_custom_1543890012935{padding-top: 50px !important;}&#8221;][vc_column offset=&#8221;vc_col-md-8 vc_col-xs-12&#8243;][vc_custom_heading text=&#8221;Encuentra Tu Oportunidad en el convenio COA-881-2024 con el Ministerio del Deporte recuerda la convocatoria es habilitada hasta el 31 de enero de 2025&#8221; font_container=&#8221;tag:h2|font_size:28px|text_align:left&#8221; use_theme_fonts=&#8221;yes&#8221; css_animation=&#8221;fadeInUp&#8221; el_class=&#8221;mb-3&#8243; css_params=&#8221;&#8221;][vc_column_text css_animation=&#8221;fadeInUp&#8221; css=&#8221;&#8221; el_class=&#8221;lead mb-4&#8243;]En nuestra fundaci\u00f3n, creemos en el poder de las personas para transformar su entorno y su [&hellip;]<\/p>\n","protected":false},"author":1,"featured_media":0,"parent":0,"menu_order":0,"comment_status":"closed","ping_status":"closed","template":"","meta":{"content-type":"","footnotes":""},"class_list":["post-68","page","type-page","status-publish","hentry"],"_links":{"self":[{"href":"https:\/\/fundaciontejidosocial.org\/index.php\/wp-json\/wp\/v2\/pages\/68","targetHints":{"allow":["GET"]}}],"collection":[{"href":"https:\/\/fundaciontejidosocial.org\/index.php\/wp-json\/wp\/v2\/pages"}],"about":[{"href":"https:\/\/fundaciontejidosocial.org\/index.php\/wp-json\/wp\/v2\/types\/page"}],"author":[{"embeddable":true,"href":"https:\/\/fundaciontejidosocial.org\/index.php\/wp-json\/wp\/v2\/users\/1"}],"replies":[{"embeddable":true,"href":"https:\/\/fundaciontejidosocial.org\/index.php\/wp-json\/wp\/v2\/comments?post=68"}],"version-history":[{"count":41,"href":"https:\/\/fundaciontejidosocial.org\/index.php\/wp-json\/wp\/v2\/pages\/68\/revisions"}],"predecessor-version":[{"id":3093,"href":"https:\/\/fundaciontejidosocial.org\/index.php\/wp-json\/wp\/v2\/pages\/68\/revisions\/3093"}],"wp:attachment":[{"href":"https:\/\/fundaciontejidosocial.org\/index.php\/wp-json\/wp\/v2\/media?parent=68"}],"curies":[{"name":"wp","href":"https:\/\/api.w.org\/{rel}","templated":true}]}}