{"id":2941,"date":"2023-06-01T17:36:20","date_gmt":"2023-06-01T22:36:20","guid":{"rendered":"https:\/\/fundaciontejidosocial.org\/?page_id=2941"},"modified":"2023-06-03T10:23:38","modified_gmt":"2023-06-03T15:23:38","slug":"cultura-ciudadana","status":"publish","type":"page","link":"https:\/\/fundaciontejidosocial.org\/index.php\/cultura-ciudadana\/","title":{"rendered":"CULTURA CIUDADANA"},"content":{"rendered":"<div class=\"wpb-content-wrapper\"><p>[vc_row][vc_column][vc_column_text]El programa de cultura ciudadana realizado por la Fundaci\u00f3n WR Tejido Social, busca el mejoramiento de la imagen de las ciudades y propende la conservaci\u00f3n del espacio p\u00fablico, a trav\u00e9s de estrategias que nos permiten trabajar con la comunidad de manera articulada, se realizan campa\u00f1as y capacitaciones sobre uso\u00a0 eficiente del agua y manejo adecuado de residuos s\u00f3lidos, talleres ambientales, jornadas de embellecimiento y mantenimiento, operativos de limpieza, celebraci\u00f3n de festividades ambientales, capacitaciones en temas de educaci\u00f3n ambiental y cultura ciudadana, programas de responsabilidad social, campa\u00f1as de uso adecuado del espacio p\u00fablico, uso correcto de v\u00edas, campa\u00f1a ceda el paso, talleres pedag\u00f3gicos sobre reconocimiento de deberes y derechos ciudadanos. Todo con el fin fortalecer los espacios de convivencia ciudadana, generando un mayor sentido de pertenencia, de cuidado y de amor por las ciudades.[\/vc_column_text][\/vc_column][\/vc_row][vc_row][vc_column][\/vc_column][\/vc_row]<\/p>\n<\/div>","protected":false},"excerpt":{"rendered":"<p>[vc_row][vc_column][vc_column_text]El programa de cultura ciudadana realizado por la Fundaci\u00f3n WR Tejido Social, busca el mejoramiento de la imagen de las ciudades y propende la conservaci\u00f3n del espacio p\u00fablico, a trav\u00e9s de estrategias que nos permiten trabajar con la comunidad de manera articulada, se realizan campa\u00f1as y capacitaciones sobre uso\u00a0 eficiente del agua y manejo adecuado [&hellip;]<\/p>\n","protected":false},"author":1,"featured_media":0,"parent":0,"menu_order":0,"comment_status":"closed","ping_status":"closed","template":"","meta":{"content-type":"","footnotes":""},"class_list":["post-2941","page","type-page","status-publish","hentry"],"_links":{"self":[{"href":"https:\/\/fundaciontejidosocial.org\/index.php\/wp-json\/wp\/v2\/pages\/2941","targetHints":{"allow":["GET"]}}],"collection":[{"href":"https:\/\/fundaciontejidosocial.org\/index.php\/wp-json\/wp\/v2\/pages"}],"about":[{"href":"https:\/\/fundaciontejidosocial.org\/index.php\/wp-json\/wp\/v2\/types\/page"}],"author":[{"embeddable":true,"href":"https:\/\/fundaciontejidosocial.org\/index.php\/wp-json\/wp\/v2\/users\/1"}],"replies":[{"embeddable":true,"href":"https:\/\/fundaciontejidosocial.org\/index.php\/wp-json\/wp\/v2\/comments?post=2941"}],"version-history":[{"count":4,"href":"https:\/\/fundaciontejidosocial.org\/index.php\/wp-json\/wp\/v2\/pages\/2941\/revisions"}],"predecessor-version":[{"id":2987,"href":"https:\/\/fundaciontejidosocial.org\/index.php\/wp-json\/wp\/v2\/pages\/2941\/revisions\/2987"}],"wp:attachment":[{"href":"https:\/\/fundaciontejidosocial.org\/index.php\/wp-json\/wp\/v2\/media?parent=2941"}],"curies":[{"name":"wp","href":"https:\/\/api.w.org\/{rel}","templated":true}]}}