{"id":1819,"date":"2018-12-03T13:45:07","date_gmt":"2018-12-03T13:45:07","guid":{"rendered":"https:\/\/sw-themes.com\/porto_dummy\/?page_id=1819"},"modified":"2023-06-03T10:26:34","modified_gmt":"2023-06-03T15:26:34","slug":"nuestros-programas","status":"publish","type":"page","link":"https:\/\/fundaciontejidosocial.org\/index.php\/nuestros-programas\/","title":{"rendered":"Nuestros Programas"},"content":{"rendered":"<div class=\"wpb-content-wrapper\"><p>[vc_row][vc_column][vc_separator color=&#8221;white&#8221;][\/vc_column][\/vc_row][vc_row no_padding=&#8221;yes&#8221; css=&#8221;.vc_custom_1590487880761{background-color: #f7f7f7 !important;}&#8221;][vc_column parallax=&#8221;content-moving&#8221; parallax_image=&#8221;2977&#8243; parallax_speed_bg=&#8221;2&#8243; width=&#8221;1\/2&#8243; css=&#8221;.vc_custom_1685804982545{padding-top: 150px !important;padding-bottom: 150px !important;}&#8221; conditional_render=&#8221;%5B%7B%22value_role%22%3A%22administrator%22%7D%5D&#8221;][\/vc_column][vc_column width=&#8221;1\/2&#8243; is_half=&#8221;yes&#8221; css=&#8221;.vc_custom_1625370782125{padding-top: 90px !important;padding-bottom: 60px !important;}&#8221; half_css=&#8221;ps-md-5&#8243;]<div class=\"porto-u-heading mb-1  wpb_custom_95aa9a11c17ad45cfabaf210d84ee7cc porto-u-5016 \" data-appear-animation=\"maskUp\"><div class=\"porto-u-main-heading\"><h4   style=\"font-weight:700;\">INFANCIA, ADOLESCENCIA Y JUVENTUD<\/h4><\/div><style>.porto-u-5016.porto-u-heading{text-align:left}<\/style><\/div>[vc_column_text css_animation=&#8221;fadeInUp&#8221; el_class=&#8221;font-size-sm&#8221;]Los programas liderados por parte de la Fundaci\u00f3n WR Tejido Social, para atender poblaci\u00f3n en las etapas de infancia, adolescencia y juventud, est\u00e1n centrados en el cuidado, la prevenci\u00f3n y la educaci\u00f3n, atendiendo el ritmo de aprendizaje e intereses propios de cada uno, a fin de dar respuesta oportuna a las necesidades que surgen desde sus propias realidades, con el prop\u00f3sito de promover el desarrollo integral y saludable, formando seres sensibles, solidarios, cr\u00edticos, creativos, reflexivos, aut\u00f3nomos e independientes.[\/vc_column_text][vc_column_text css_animation=&#8221;fadeInUp&#8221; el_class=&#8221;lead font-size-lg mb-2&#8243;]<a href=\"https:\/\/fundaciontejidosocial.org\/index.php\/infancia-adolescencia-juventud\/\">leer mas&#8230;<\/a>[\/vc_column_text][\/vc_column][\/vc_row][vc_row no_padding=&#8221;yes&#8221; css=&#8221;.vc_custom_1590487894058{background-color: #f7f7f7 !important;}&#8221;][vc_column parallax=&#8221;content-moving&#8221; parallax_image=&#8221;2979&#8243; parallax_speed_bg=&#8221;2&#8243; width=&#8221;1\/2&#8243; css=&#8221;.vc_custom_1685805025982{padding-top: 150px !important;padding-bottom: 150px !important;}&#8221; el_class=&#8221;order-md-2&#8243; conditional_render=&#8221;%5B%7B%22value_role%22%3A%22administrator%22%7D%5D&#8221;][\/vc_column][vc_column width=&#8221;1\/2&#8243; is_half=&#8221;yes&#8221; is_half_right=&#8221;yes&#8221; css=&#8221;.vc_custom_1625370868060{padding-top: 90px !important;padding-bottom: 60px !important;}&#8221; half_css=&#8221;pe-md-4&#8243;]<div class=\"porto-u-heading mb-1  wpb_custom_95aa9a11c17ad45cfabaf210d84ee7cc porto-u-3192 \" data-appear-animation=\"maskUp\"><div class=\"porto-u-main-heading\"><h4   style=\"font-weight:700;\">PROMOCI\u00d3N DEL BUEN TRATO<\/h4><\/div><style>.porto-u-3192.porto-u-heading{text-align:left}<\/style><\/div>[vc_column_text css_animation=&#8221;fadeInUp&#8221; el_class=&#8221;font-size-sm&#8221;]Fomentar la cultura del buen trato, basados en el respeto de los derechos fundamentales del ser humano, con \u00e9nfasis en la promoci\u00f3n del autocuidado y el desarrollo de acciones que fortalezcan, su promoci\u00f3n en la poblaci\u00f3n[\/vc_column_text][vc_column_text css_animation=&#8221;fadeInUp&#8221; el_class=&#8221;lead font-size-lg mb-2&#8243;]<a href=\"https:\/\/fundaciontejidosocial.org\/index.php\/promocion-del-buen-trato\/\">Leer mas &#8230;<\/a>[\/vc_column_text][\/vc_column][\/vc_row][vc_row no_padding=&#8221;yes&#8221; css=&#8221;.vc_custom_1625103020549{background-color: #f7f7f7 !important;}&#8221;][vc_column parallax=&#8221;content-moving&#8221; parallax_image=&#8221;2980&#8243; parallax_speed_bg=&#8221;2&#8243; width=&#8221;1\/2&#8243; css=&#8221;.vc_custom_1685805459568{padding-top: 150px !important;padding-bottom: 150px !important;}&#8221; conditional_render=&#8221;%5B%7B%22value_role%22%3A%22administrator%22%7D%5D&#8221;][\/vc_column][vc_column width=&#8221;1\/2&#8243; is_half=&#8221;yes&#8221; css=&#8221;.vc_custom_1625370845830{padding-top: 90px !important;padding-bottom: 60px !important;}&#8221; half_css=&#8221;ps-md-5&#8243;]<div class=\"porto-u-heading mb-1  wpb_custom_95aa9a11c17ad45cfabaf210d84ee7cc porto-u-2287 \" data-appear-animation=\"maskUp\"><div class=\"porto-u-main-heading\"><h4   style=\"font-weight:700;\">CULTURA CIUDADANA<\/h4><\/div><style>.porto-u-2287.porto-u-heading{text-align:left}<\/style><\/div>[vc_column_text css_animation=&#8221;fadeInUp&#8221; el_class=&#8221;font-size-sm&#8221;]Los programas de adulto mayor manejados por la Fundaci\u00f3n, est\u00e1n encaminados a mejorar la calidad de vida de estos, a trav\u00e9s de actividades l\u00fadicas y la neurociencia, brid\u00e1ndoles herramientas que lleven a la auto aceptaci\u00f3n, siendo<br \/>\neste el primer paso para interiorizar las caracter\u00edsticas que tiene la etapa de la madurez, y que no por eso su realizaci\u00f3n personal y funcionamiento como ser humano dejan de ser \u00f3ptimos.[\/vc_column_text][vc_column_text css_animation=&#8221;fadeInUp&#8221; el_class=&#8221;lead font-size-lg mb-2&#8243;]<a href=\"https:\/\/fundaciontejidosocial.org\/index.php\/cultura-ciudadana\/\">Leer mas &#8230;<\/a>[\/vc_column_text][\/vc_column][\/vc_row][vc_row no_padding=&#8221;yes&#8221; css=&#8221;.vc_custom_1590487894058{background-color: #f7f7f7 !important;}&#8221;][vc_column parallax=&#8221;content-moving&#8221; parallax_image=&#8221;2982&#8243; parallax_speed_bg=&#8221;2&#8243; width=&#8221;1\/2&#8243; css=&#8221;.vc_custom_1685805548774{padding-top: 150px !important;padding-bottom: 150px !important;}&#8221; el_class=&#8221;order-md-2&#8243; conditional_render=&#8221;%5B%7B%22value_role%22%3A%22administrator%22%7D%5D&#8221;][\/vc_column][vc_column width=&#8221;1\/2&#8243; is_half=&#8221;yes&#8221; is_half_right=&#8221;yes&#8221; css=&#8221;.vc_custom_1625370868060{padding-top: 90px !important;padding-bottom: 60px !important;}&#8221; half_css=&#8221;pe-md-4&#8243;]<div class=\"porto-u-heading mb-1  wpb_custom_95aa9a11c17ad45cfabaf210d84ee7cc porto-u-2600 \" data-appear-animation=\"maskUp\"><div class=\"porto-u-main-heading\"><h4   style=\"font-weight:700;\">ADULTO MAYOR<\/h4><\/div><style>.porto-u-2600.porto-u-heading{text-align:left}<\/style><\/div>[vc_column_text css_animation=&#8221;fadeInUp&#8221; el_class=&#8221;font-size-sm&#8221;]Los programas de adulto mayor manejados por la Fundaci\u00f3n, est\u00e1n encaminados a mejorar la calidad de vida de estos, a trav\u00e9s de actividades l\u00fadicas y la neurociencia, brid\u00e1ndoles herramientas que lleven a la auto aceptaci\u00f3n, siendo<br \/>\neste el primer paso para interiorizar las caracter\u00edsticas que tiene la etapa de la madurez, y que no por eso su realizaci\u00f3n personal y funcionamiento como ser humano dejan de ser \u00f3ptimos.[\/vc_column_text][vc_column_text css_animation=&#8221;fadeInUp&#8221; el_class=&#8221;lead font-size-lg mb-2&#8243;]<a href=\"https:\/\/fundaciontejidosocial.org\/index.php\/adulto-mayor\/\">Leer mas&#8230;<\/a>[\/vc_column_text][\/vc_column][\/vc_row][vc_row no_padding=&#8221;yes&#8221; css=&#8221;.vc_custom_1625103020549{background-color: #f7f7f7 !important;}&#8221;][vc_column parallax=&#8221;content-moving&#8221; parallax_image=&#8221;2984&#8243; parallax_speed_bg=&#8221;2&#8243; width=&#8221;1\/2&#8243; css=&#8221;.vc_custom_1685805672052{padding-top: 150px !important;padding-bottom: 150px !important;}&#8221; conditional_render=&#8221;%5B%7B%22value_role%22%3A%22administrator%22%7D%5D&#8221;][\/vc_column][vc_column width=&#8221;1\/2&#8243; is_half=&#8221;yes&#8221; css=&#8221;.vc_custom_1625370845830{padding-top: 90px !important;padding-bottom: 60px !important;}&#8221; half_css=&#8221;ps-md-5&#8243;]<div class=\"porto-u-heading mb-1  wpb_custom_95aa9a11c17ad45cfabaf210d84ee7cc porto-u-2808 \" data-appear-animation=\"maskUp\"><div class=\"porto-u-main-heading\"><h4   style=\"font-weight:700;\">PROGRAMAS DE BIENESTAR Y CAPACITACI\u00d3N<\/h4><\/div><style>.porto-u-2808.porto-u-heading{text-align:left}<\/style><\/div>[vc_column_text css_animation=&#8221;fadeInUp&#8221; el_class=&#8221;font-size-sm&#8221;]Los programas de adulto mayor manejados por la Fundaci\u00f3n, est\u00e1n encaminados a mejorar la calidad de vida de estos, a trav\u00e9s de actividades l\u00fadicas y la neurociencia, brid\u00e1ndoles herramientas que lleven a la auto aceptaci\u00f3n, siendo<br \/>\neste el primer paso para interiorizar las caracter\u00edsticas que tiene la etapa de la madurez, y que no por eso su realizaci\u00f3n personal y funcionamiento como ser humano dejan de ser \u00f3ptimos.[\/vc_column_text][vc_column_text css_animation=&#8221;fadeInUp&#8221; el_class=&#8221;lead font-size-lg mb-2&#8243;]Leer mas&#8230;[\/vc_column_text][\/vc_column][\/vc_row]<\/p>\n<\/div>","protected":false},"excerpt":{"rendered":"<p>[vc_row][vc_column][vc_separator color=&#8221;white&#8221;][\/vc_column][\/vc_row][vc_row no_padding=&#8221;yes&#8221; css=&#8221;.vc_custom_1590487880761{background-color: #f7f7f7 !important;}&#8221;][vc_column parallax=&#8221;content-moving&#8221; parallax_image=&#8221;2977&#8243; parallax_speed_bg=&#8221;2&#8243; width=&#8221;1\/2&#8243; css=&#8221;.vc_custom_1685804982545{padding-top: 150px !important;padding-bottom: 150px !important;}&#8221; conditional_render=&#8221;%5B%7B%22value_role%22%3A%22administrator%22%7D%5D&#8221;][\/vc_column][vc_column width=&#8221;1\/2&#8243; is_half=&#8221;yes&#8221; css=&#8221;.vc_custom_1625370782125{padding-top: 90px !important;padding-bottom: 60px !important;}&#8221; half_css=&#8221;ps-md-5&#8243;][vc_column_text css_animation=&#8221;fadeInUp&#8221; el_class=&#8221;font-size-sm&#8221;]Los programas liderados por parte de la Fundaci\u00f3n WR Tejido Social, para atender poblaci\u00f3n en las etapas de infancia, adolescencia y juventud, est\u00e1n centrados en el cuidado, la prevenci\u00f3n y [&hellip;]<\/p>\n","protected":false},"author":1,"featured_media":0,"parent":0,"menu_order":0,"comment_status":"closed","ping_status":"closed","template":"","meta":{"content-type":"","footnotes":""},"class_list":["post-1819","page","type-page","status-publish","hentry"],"_links":{"self":[{"href":"https:\/\/fundaciontejidosocial.org\/index.php\/wp-json\/wp\/v2\/pages\/1819","targetHints":{"allow":["GET"]}}],"collection":[{"href":"https:\/\/fundaciontejidosocial.org\/index.php\/wp-json\/wp\/v2\/pages"}],"about":[{"href":"https:\/\/fundaciontejidosocial.org\/index.php\/wp-json\/wp\/v2\/types\/page"}],"author":[{"embeddable":true,"href":"https:\/\/fundaciontejidosocial.org\/index.php\/wp-json\/wp\/v2\/users\/1"}],"replies":[{"embeddable":true,"href":"https:\/\/fundaciontejidosocial.org\/index.php\/wp-json\/wp\/v2\/comments?post=1819"}],"version-history":[{"count":27,"href":"https:\/\/fundaciontejidosocial.org\/index.php\/wp-json\/wp\/v2\/pages\/1819\/revisions"}],"predecessor-version":[{"id":2989,"href":"https:\/\/fundaciontejidosocial.org\/index.php\/wp-json\/wp\/v2\/pages\/1819\/revisions\/2989"}],"wp:attachment":[{"href":"https:\/\/fundaciontejidosocial.org\/index.php\/wp-json\/wp\/v2\/media?parent=1819"}],"curies":[{"name":"wp","href":"https:\/\/api.w.org\/{rel}","templated":true}]}}